{"id":7,"date":"2013-05-23T17:58:36","date_gmt":"2013-05-23T15:58:36","guid":{"rendered":""},"modified":"2026-01-22T13:57:33","modified_gmt":"2026-01-22T12:57:33","slug":"elerhetosegeink","status":"publish","type":"page","link":"https:\/\/csengervkc.hu\/?page_id=7","title":{"rendered":"El\u00e9rhet\u0151s\u00e9geink"},"content":{"rendered":"<h4><strong>Csenger V\u00e1rosi K\u00e9zilabda Club<\/strong><\/h4>\n<h4><strong>4765 Csenger, Ady Endre u. 19-23.<\/strong><\/h4>\n<h4><strong>Ad\u00f3sz\u00e1ma: 18791305-1-15<\/strong><\/h4>\n<h4><strong>E-mail:\u00a0csenger.vkc@gmail.com<\/strong><\/h4>\n<hr \/>\n<div>\n<h4><\/h4>\n<h4>Balogh Attila<\/h4>\n<h4><em>eln\u00f6k \/ <\/em><em>vezet\u0151edz\u0151<\/em><\/h4>\n<h4>Tel.: +36-30-847-7719<br \/>\nE-mail: attilabalogh1984@gmail.com<\/h4>\n<h4><\/h4>\n<hr \/>\n<\/div>\n","protected":false},"excerpt":{"rendered":"<p>Csenger V\u00e1rosi K\u00e9zilabda Club 4765 Csenger, Ady Endre u. 19-23. Ad\u00f3sz\u00e1ma: 18791305-1-15 E-mail:\u00a0csenger.vkc@gmail.com Balogh Attila eln\u00f6k \/ vezet\u0151edz\u0151 Tel.: +36-30-847-7719 E-mail: attilabalogh1984@gmail.com<\/p>\n","protected":false},"author":1,"featured_media":0,"parent":0,"menu_order":0,"comment_status":"closed","ping_status":"closed","template":"","meta":{"footnotes":""},"class_list":["post-7","page","type-page","status-publish","hentry"],"_links":{"self":[{"href":"https:\/\/csengervkc.hu\/index.php?rest_route=\/wp\/v2\/pages\/7","targetHints":{"allow":["GET"]}}],"collection":[{"href":"https:\/\/csengervkc.hu\/index.php?rest_route=\/wp\/v2\/pages"}],"about":[{"href":"https:\/\/csengervkc.hu\/index.php?rest_route=\/wp\/v2\/types\/page"}],"author":[{"embeddable":true,"href":"https:\/\/csengervkc.hu\/index.php?rest_route=\/wp\/v2\/users\/1"}],"replies":[{"embeddable":true,"href":"https:\/\/csengervkc.hu\/index.php?rest_route=%2Fwp%2Fv2%2Fcomments&post=7"}],"version-history":[{"count":1,"href":"https:\/\/csengervkc.hu\/index.php?rest_route=\/wp\/v2\/pages\/7\/revisions"}],"predecessor-version":[{"id":4757,"href":"https:\/\/csengervkc.hu\/index.php?rest_route=\/wp\/v2\/pages\/7\/revisions\/4757"}],"wp:attachment":[{"href":"https:\/\/csengervkc.hu\/index.php?rest_route=%2Fwp%2Fv2%2Fmedia&parent=7"}],"curies":[{"name":"wp","href":"https:\/\/api.w.org\/{rel}","templated":true}]}}